{"id":2040,"date":"2025-08-06T08:45:20","date_gmt":"2025-08-06T08:45:20","guid":{"rendered":"https:\/\/provisional.animadeba.com\/?page_id=2040"},"modified":"2025-08-06T09:15:26","modified_gmt":"2025-08-06T09:15:26","slug":"besteedizioak","status":"publish","type":"page","link":"https:\/\/animadeba.com\/es\/besteedizioak\/","title":{"rendered":"Beste edizioak"},"content":{"rendered":"<div class=\"wpb-content-wrapper\"><div class=\"vc_row wpb_row vc_row-fluid\"><div class=\"wpb_column vc_column_container vc_col-sm-8 vc_col-sm-offset-2\"><div class=\"vc_column-inner\"><div class=\"wpb_wrapper\">\n\t<div class=\"wpb_text_column wpb_content_element anos\" >\n\t\t<div class=\"wpb_wrapper\">\n\t\t\t<p style=\"text-align: center;\"><a id=\"boton_23\" href=\"#\">2023<\/a> <a id=\"boton_22\" href=\"#\">2022<\/a> <a id=\"boton_21\" href=\"#\">2021<\/a> <a id=\"boton_19\" href=\"#\">2019<\/a><\/p>\n\n\t\t<\/div>\n\t<\/div>\n<\/div><\/div><\/div><\/div><div class=\"vc_row wpb_row vc_row-fluid festi_19\"><div class=\"wpb_column vc_column_container vc_col-sm-8 vc_col-sm-offset-2\"><div class=\"vc_column-inner\"><div class=\"wpb_wrapper\">\n\t<div class=\"wpb_video_widget wpb_content_element vc_clearfix   vc_video-aspect-ratio-169 vc_video-el-width-100 vc_video-align-center\" >\n\t\t<div class=\"wpb_wrapper\">\n\t\t\t\n\t\t\t<div class=\"wpb_video_wrapper\"><iframe loading=\"lazy\" title=\"ANIMADEBA MAKING OF 2019\" width=\"500\" height=\"281\" src=\"https:\/\/www.youtube.com\/embed\/h8jMjh72OLI?start=22&feature=oembed\" frameborder=\"0\" allow=\"accelerometer; autoplay; clipboard-write; encrypted-media; gyroscope; picture-in-picture; web-share\" referrerpolicy=\"strict-origin-when-cross-origin\" allowfullscreen><\/iframe><\/div>\n\t\t<\/div>\n\t<\/div>\n\n\t<div class=\"wpb_text_column wpb_content_element\" >\n\t\t<div class=\"wpb_wrapper\">\n\t\t\t<p style=\"text-align: center;\">Dentro de su programaci\u00f3n destacan las pel\u00edculas de animaci\u00f3n (largometrajes y cortometrajes) para todos los p\u00fablicos. Lo completan las secciones Animadeba LAB, Work in Progress, Case study (casos de estudio), presentaciones, coloquios, talleres y actuaciones musicales. Adem\u00e1s, este a\u00f1o hemos creado el proyecto Animadeba Off, para dar nombre a las sesiones o jornadas que se celebran fuera de Deba, fuera de los d\u00edas oficiales del Festival.<\/p>\n\n\t\t<\/div>\n\t<\/div>\n<\/div><\/div><\/div><\/div><div id=\"festibala_carousel\" class=\"vc_row wpb_row vc_row-fluid\"><div class=\"wpb_column vc_column_container vc_col-sm-2\"><div class=\"vc_column-inner\"><div class=\"wpb_wrapper\">\n\t<div  class=\"wpb_single_image wpb_content_element vc_align_center wpb_content_element\">\n\t\t\n\t\t<figure class=\"wpb_wrapper vc_figure\">\n\t\t\t<div class=\"vc_single_image-wrapper   vc_box_border_grey\"><img loading=\"lazy\" decoding=\"async\" width=\"1080\" height=\"1620\" src=\"https:\/\/animadeba.com\/wp-content\/uploads\/2025\/07\/DSC07583.jpeg\" class=\"vc_single_image-img attachment-full\" alt=\"\" title=\"DSC07583\" srcset=\"https:\/\/animadeba.com\/wp-content\/uploads\/2025\/07\/DSC07583.jpeg 1080w, https:\/\/animadeba.com\/wp-content\/uploads\/2025\/07\/DSC07583-200x300.jpeg 200w, https:\/\/animadeba.com\/wp-content\/uploads\/2025\/07\/DSC07583-683x1024.jpeg 683w, https:\/\/animadeba.com\/wp-content\/uploads\/2025\/07\/DSC07583-768x1152.jpeg 768w, https:\/\/animadeba.com\/wp-content\/uploads\/2025\/07\/DSC07583-1024x1536.jpeg 1024w, https:\/\/animadeba.com\/wp-content\/uploads\/2025\/07\/DSC07583-8x12.jpeg 8w\" sizes=\"auto, (max-width: 1080px) 100vw, 1080px\" \/><\/div>\n\t\t<\/figure>\n\t<\/div>\n<\/div><\/div><\/div><div class=\"wpb_column vc_column_container vc_col-sm-2\"><div class=\"vc_column-inner\"><div class=\"wpb_wrapper\">\n\t<div  class=\"wpb_single_image wpb_content_element vc_align_center wpb_content_element\">\n\t\t\n\t\t<figure class=\"wpb_wrapper vc_figure\">\n\t\t\t<div class=\"vc_single_image-wrapper   vc_box_border_grey\"><img loading=\"lazy\" decoding=\"async\" width=\"1080\" height=\"1619\" src=\"https:\/\/animadeba.com\/wp-content\/uploads\/2025\/07\/DSC07698.jpg\" class=\"vc_single_image-img attachment-full\" alt=\"\" title=\"DSC07698\" srcset=\"https:\/\/animadeba.com\/wp-content\/uploads\/2025\/07\/DSC07698.jpg 1080w, https:\/\/animadeba.com\/wp-content\/uploads\/2025\/07\/DSC07698-200x300.jpg 200w, https:\/\/animadeba.com\/wp-content\/uploads\/2025\/07\/DSC07698-683x1024.jpg 683w, https:\/\/animadeba.com\/wp-content\/uploads\/2025\/07\/DSC07698-768x1151.jpg 768w, https:\/\/animadeba.com\/wp-content\/uploads\/2025\/07\/DSC07698-1025x1536.jpg 1025w, https:\/\/animadeba.com\/wp-content\/uploads\/2025\/07\/DSC07698-8x12.jpg 8w\" sizes=\"auto, (max-width: 1080px) 100vw, 1080px\" \/><\/div>\n\t\t<\/figure>\n\t<\/div>\n<\/div><\/div><\/div><div class=\"wpb_column vc_column_container vc_col-sm-2\"><div class=\"vc_column-inner\"><div class=\"wpb_wrapper\">\n\t<div  class=\"wpb_single_image wpb_content_element vc_align_center wpb_content_element\">\n\t\t\n\t\t<figure class=\"wpb_wrapper vc_figure\">\n\t\t\t<div class=\"vc_single_image-wrapper   vc_box_border_grey\"><img loading=\"lazy\" decoding=\"async\" width=\"1080\" height=\"1619\" src=\"https:\/\/animadeba.com\/wp-content\/uploads\/2025\/07\/DSC07188.jpg\" class=\"vc_single_image-img attachment-full\" alt=\"\" title=\"DSC07188\" srcset=\"https:\/\/animadeba.com\/wp-content\/uploads\/2025\/07\/DSC07188.jpg 1080w, https:\/\/animadeba.com\/wp-content\/uploads\/2025\/07\/DSC07188-200x300.jpg 200w, https:\/\/animadeba.com\/wp-content\/uploads\/2025\/07\/DSC07188-683x1024.jpg 683w, https:\/\/animadeba.com\/wp-content\/uploads\/2025\/07\/DSC07188-768x1151.jpg 768w, https:\/\/animadeba.com\/wp-content\/uploads\/2025\/07\/DSC07188-1025x1536.jpg 1025w, https:\/\/animadeba.com\/wp-content\/uploads\/2025\/07\/DSC07188-8x12.jpg 8w\" sizes=\"auto, (max-width: 1080px) 100vw, 1080px\" \/><\/div>\n\t\t<\/figure>\n\t<\/div>\n<\/div><\/div><\/div><div class=\"wpb_column vc_column_container vc_col-sm-2\"><div class=\"vc_column-inner\"><div class=\"wpb_wrapper\">\n\t<div  class=\"wpb_single_image wpb_content_element vc_align_center wpb_content_element\">\n\t\t\n\t\t<figure class=\"wpb_wrapper vc_figure\">\n\t\t\t<div class=\"vc_single_image-wrapper   vc_box_border_grey\"><img loading=\"lazy\" decoding=\"async\" width=\"1080\" height=\"1619\" src=\"https:\/\/animadeba.com\/wp-content\/uploads\/2025\/07\/DSC07264-copia.jpg\" class=\"vc_single_image-img attachment-full\" alt=\"\" title=\"DSC07264 copia\" srcset=\"https:\/\/animadeba.com\/wp-content\/uploads\/2025\/07\/DSC07264-copia.jpg 1080w, https:\/\/animadeba.com\/wp-content\/uploads\/2025\/07\/DSC07264-copia-200x300.jpg 200w, https:\/\/animadeba.com\/wp-content\/uploads\/2025\/07\/DSC07264-copia-683x1024.jpg 683w, https:\/\/animadeba.com\/wp-content\/uploads\/2025\/07\/DSC07264-copia-768x1151.jpg 768w, https:\/\/animadeba.com\/wp-content\/uploads\/2025\/07\/DSC07264-copia-1025x1536.jpg 1025w, https:\/\/animadeba.com\/wp-content\/uploads\/2025\/07\/DSC07264-copia-8x12.jpg 8w\" sizes=\"auto, (max-width: 1080px) 100vw, 1080px\" \/><\/div>\n\t\t<\/figure>\n\t<\/div>\n<\/div><\/div><\/div><div class=\"wpb_column vc_column_container vc_col-sm-2\"><div class=\"vc_column-inner\"><div class=\"wpb_wrapper\">\n\t<div  class=\"wpb_single_image wpb_content_element vc_align_center wpb_content_element\">\n\t\t\n\t\t<figure class=\"wpb_wrapper vc_figure\">\n\t\t\t<div class=\"vc_single_image-wrapper   vc_box_border_grey\"><img loading=\"lazy\" decoding=\"async\" width=\"1080\" height=\"1619\" src=\"https:\/\/animadeba.com\/wp-content\/uploads\/2025\/07\/DSC06847.jpg\" class=\"vc_single_image-img attachment-full\" alt=\"\" title=\"DSC06847\" srcset=\"https:\/\/animadeba.com\/wp-content\/uploads\/2025\/07\/DSC06847.jpg 1080w, https:\/\/animadeba.com\/wp-content\/uploads\/2025\/07\/DSC06847-200x300.jpg 200w, https:\/\/animadeba.com\/wp-content\/uploads\/2025\/07\/DSC06847-683x1024.jpg 683w, https:\/\/animadeba.com\/wp-content\/uploads\/2025\/07\/DSC06847-768x1151.jpg 768w, https:\/\/animadeba.com\/wp-content\/uploads\/2025\/07\/DSC06847-1025x1536.jpg 1025w, https:\/\/animadeba.com\/wp-content\/uploads\/2025\/07\/DSC06847-8x12.jpg 8w\" sizes=\"auto, (max-width: 1080px) 100vw, 1080px\" \/><\/div>\n\t\t<\/figure>\n\t<\/div>\n<\/div><\/div><\/div><div class=\"wpb_column vc_column_container vc_col-sm-2\"><div class=\"vc_column-inner\"><div class=\"wpb_wrapper\">\n\t<div  class=\"wpb_single_image wpb_content_element vc_align_center wpb_content_element\">\n\t\t\n\t\t<figure class=\"wpb_wrapper vc_figure\">\n\t\t\t<div class=\"vc_single_image-wrapper   vc_box_border_grey\"><img loading=\"lazy\" decoding=\"async\" width=\"1080\" height=\"1619\" src=\"https:\/\/animadeba.com\/wp-content\/uploads\/2025\/07\/DSC06271.jpg\" class=\"vc_single_image-img attachment-full\" alt=\"\" title=\"DSC06271\" srcset=\"https:\/\/animadeba.com\/wp-content\/uploads\/2025\/07\/DSC06271.jpg 1080w, https:\/\/animadeba.com\/wp-content\/uploads\/2025\/07\/DSC06271-200x300.jpg 200w, https:\/\/animadeba.com\/wp-content\/uploads\/2025\/07\/DSC06271-683x1024.jpg 683w, https:\/\/animadeba.com\/wp-content\/uploads\/2025\/07\/DSC06271-768x1151.jpg 768w, https:\/\/animadeba.com\/wp-content\/uploads\/2025\/07\/DSC06271-1025x1536.jpg 1025w, https:\/\/animadeba.com\/wp-content\/uploads\/2025\/07\/DSC06271-8x12.jpg 8w\" sizes=\"auto, (max-width: 1080px) 100vw, 1080px\" \/><\/div>\n\t\t<\/figure>\n\t<\/div>\n<\/div><\/div><\/div><div class=\"wpb_column vc_column_container vc_col-sm-2\"><div class=\"vc_column-inner\"><div class=\"wpb_wrapper\">\n\t<div  class=\"wpb_single_image wpb_content_element vc_align_center wpb_content_element\">\n\t\t\n\t\t<figure class=\"wpb_wrapper vc_figure\">\n\t\t\t<div class=\"vc_single_image-wrapper   vc_box_border_grey\"><img loading=\"lazy\" decoding=\"async\" width=\"1080\" height=\"1619\" src=\"https:\/\/animadeba.com\/wp-content\/uploads\/2025\/07\/DSC06213.jpg\" class=\"vc_single_image-img attachment-full\" alt=\"\" title=\"DSC06213\" srcset=\"https:\/\/animadeba.com\/wp-content\/uploads\/2025\/07\/DSC06213.jpg 1080w, https:\/\/animadeba.com\/wp-content\/uploads\/2025\/07\/DSC06213-200x300.jpg 200w, https:\/\/animadeba.com\/wp-content\/uploads\/2025\/07\/DSC06213-683x1024.jpg 683w, https:\/\/animadeba.com\/wp-content\/uploads\/2025\/07\/DSC06213-768x1151.jpg 768w, https:\/\/animadeba.com\/wp-content\/uploads\/2025\/07\/DSC06213-1025x1536.jpg 1025w, https:\/\/animadeba.com\/wp-content\/uploads\/2025\/07\/DSC06213-8x12.jpg 8w\" sizes=\"auto, (max-width: 1080px) 100vw, 1080px\" \/><\/div>\n\t\t<\/figure>\n\t<\/div>\n<\/div><\/div><\/div><div class=\"wpb_column vc_column_container vc_col-sm-2\"><div class=\"vc_column-inner\"><div class=\"wpb_wrapper\">\n\t<div  class=\"wpb_single_image wpb_content_element vc_align_center wpb_content_element\">\n\t\t\n\t\t<figure class=\"wpb_wrapper vc_figure\">\n\t\t\t<div class=\"vc_single_image-wrapper   vc_box_border_grey\"><img loading=\"lazy\" decoding=\"async\" width=\"1080\" height=\"1619\" src=\"https:\/\/animadeba.com\/wp-content\/uploads\/2025\/07\/DSC07354.jpg\" class=\"vc_single_image-img attachment-full\" alt=\"\" title=\"DSC07354\" srcset=\"https:\/\/animadeba.com\/wp-content\/uploads\/2025\/07\/DSC07354.jpg 1080w, https:\/\/animadeba.com\/wp-content\/uploads\/2025\/07\/DSC07354-200x300.jpg 200w, https:\/\/animadeba.com\/wp-content\/uploads\/2025\/07\/DSC07354-683x1024.jpg 683w, https:\/\/animadeba.com\/wp-content\/uploads\/2025\/07\/DSC07354-768x1151.jpg 768w, https:\/\/animadeba.com\/wp-content\/uploads\/2025\/07\/DSC07354-1025x1536.jpg 1025w, https:\/\/animadeba.com\/wp-content\/uploads\/2025\/07\/DSC07354-8x12.jpg 8w\" sizes=\"auto, (max-width: 1080px) 100vw, 1080px\" \/><\/div>\n\t\t<\/figure>\n\t<\/div>\n<\/div><\/div><\/div><div class=\"wpb_column vc_column_container vc_col-sm-2\"><div class=\"vc_column-inner\"><div class=\"wpb_wrapper\">\n\t<div  class=\"wpb_single_image wpb_content_element vc_align_center wpb_content_element\">\n\t\t\n\t\t<figure class=\"wpb_wrapper vc_figure\">\n\t\t\t<div class=\"vc_single_image-wrapper   vc_box_border_grey\"><img loading=\"lazy\" decoding=\"async\" width=\"1080\" height=\"1616\" src=\"https:\/\/animadeba.com\/wp-content\/uploads\/2025\/07\/DSC06582.jpg\" class=\"vc_single_image-img attachment-full\" alt=\"\" title=\"DSC06582\" srcset=\"https:\/\/animadeba.com\/wp-content\/uploads\/2025\/07\/DSC06582.jpg 1080w, https:\/\/animadeba.com\/wp-content\/uploads\/2025\/07\/DSC06582-200x300.jpg 200w, https:\/\/animadeba.com\/wp-content\/uploads\/2025\/07\/DSC06582-684x1024.jpg 684w, https:\/\/animadeba.com\/wp-content\/uploads\/2025\/07\/DSC06582-768x1149.jpg 768w, https:\/\/animadeba.com\/wp-content\/uploads\/2025\/07\/DSC06582-1027x1536.jpg 1027w, https:\/\/animadeba.com\/wp-content\/uploads\/2025\/07\/DSC06582-8x12.jpg 8w\" sizes=\"auto, (max-width: 1080px) 100vw, 1080px\" \/><\/div>\n\t\t<\/figure>\n\t<\/div>\n<\/div><\/div><\/div><div class=\"wpb_column vc_column_container vc_col-sm-2\"><div class=\"vc_column-inner\"><div class=\"wpb_wrapper\">\n\t<div  class=\"wpb_single_image wpb_content_element vc_align_center wpb_content_element\">\n\t\t\n\t\t<figure class=\"wpb_wrapper vc_figure\">\n\t\t\t<div class=\"vc_single_image-wrapper   vc_box_border_grey\"><img loading=\"lazy\" decoding=\"async\" width=\"1080\" height=\"1619\" src=\"https:\/\/animadeba.com\/wp-content\/uploads\/2025\/07\/DSC07758.jpg\" class=\"vc_single_image-img attachment-full\" alt=\"\" title=\"DSC07758\" srcset=\"https:\/\/animadeba.com\/wp-content\/uploads\/2025\/07\/DSC07758.jpg 1080w, https:\/\/animadeba.com\/wp-content\/uploads\/2025\/07\/DSC07758-200x300.jpg 200w, https:\/\/animadeba.com\/wp-content\/uploads\/2025\/07\/DSC07758-683x1024.jpg 683w, https:\/\/animadeba.com\/wp-content\/uploads\/2025\/07\/DSC07758-768x1151.jpg 768w, https:\/\/animadeba.com\/wp-content\/uploads\/2025\/07\/DSC07758-1025x1536.jpg 1025w, https:\/\/animadeba.com\/wp-content\/uploads\/2025\/07\/DSC07758-8x12.jpg 8w\" sizes=\"auto, (max-width: 1080px) 100vw, 1080px\" \/><\/div>\n\t\t<\/figure>\n\t<\/div>\n<\/div><\/div><\/div><div class=\"wpb_column vc_column_container vc_col-sm-2\"><div class=\"vc_column-inner\"><div class=\"wpb_wrapper\">\n\t<div  class=\"wpb_single_image wpb_content_element vc_align_center wpb_content_element\">\n\t\t\n\t\t<figure class=\"wpb_wrapper vc_figure\">\n\t\t\t<div class=\"vc_single_image-wrapper   vc_box_border_grey\"><img loading=\"lazy\" decoding=\"async\" width=\"1080\" height=\"1619\" src=\"https:\/\/animadeba.com\/wp-content\/uploads\/2025\/07\/DSC07365.jpg\" class=\"vc_single_image-img attachment-full\" alt=\"\" title=\"DSC07365\" srcset=\"https:\/\/animadeba.com\/wp-content\/uploads\/2025\/07\/DSC07365.jpg 1080w, https:\/\/animadeba.com\/wp-content\/uploads\/2025\/07\/DSC07365-200x300.jpg 200w, https:\/\/animadeba.com\/wp-content\/uploads\/2025\/07\/DSC07365-683x1024.jpg 683w, https:\/\/animadeba.com\/wp-content\/uploads\/2025\/07\/DSC07365-768x1151.jpg 768w, https:\/\/animadeba.com\/wp-content\/uploads\/2025\/07\/DSC07365-1025x1536.jpg 1025w, https:\/\/animadeba.com\/wp-content\/uploads\/2025\/07\/DSC07365-8x12.jpg 8w\" sizes=\"auto, (max-width: 1080px) 100vw, 1080px\" \/><\/div>\n\t\t<\/figure>\n\t<\/div>\n<\/div><\/div><\/div><div class=\"wpb_column vc_column_container vc_col-sm-2\"><div class=\"vc_column-inner\"><div class=\"wpb_wrapper\">\n\t<div  class=\"wpb_single_image wpb_content_element vc_align_center wpb_content_element\">\n\t\t\n\t\t<figure class=\"wpb_wrapper vc_figure\">\n\t\t\t<div class=\"vc_single_image-wrapper   vc_box_border_grey\"><img loading=\"lazy\" decoding=\"async\" width=\"1080\" height=\"1619\" src=\"https:\/\/animadeba.com\/wp-content\/uploads\/2025\/07\/DSC07638.jpg\" class=\"vc_single_image-img attachment-full\" alt=\"\" title=\"DSC07638\" srcset=\"https:\/\/animadeba.com\/wp-content\/uploads\/2025\/07\/DSC07638.jpg 1080w, https:\/\/animadeba.com\/wp-content\/uploads\/2025\/07\/DSC07638-200x300.jpg 200w, https:\/\/animadeba.com\/wp-content\/uploads\/2025\/07\/DSC07638-683x1024.jpg 683w, https:\/\/animadeba.com\/wp-content\/uploads\/2025\/07\/DSC07638-768x1151.jpg 768w, https:\/\/animadeba.com\/wp-content\/uploads\/2025\/07\/DSC07638-1025x1536.jpg 1025w, https:\/\/animadeba.com\/wp-content\/uploads\/2025\/07\/DSC07638-8x12.jpg 8w\" sizes=\"auto, (max-width: 1080px) 100vw, 1080px\" \/><\/div>\n\t\t<\/figure>\n\t<\/div>\n<\/div><\/div><\/div><\/div><div class=\"vc_row wpb_row vc_row-fluid texto_t2\"><div class=\"wpb_column vc_column_container vc_col-sm-8 vc_col-sm-offset-2\"><div class=\"vc_column-inner\"><div class=\"wpb_wrapper\">\n\t<div class=\"wpb_text_column wpb_content_element\" >\n\t\t<div class=\"wpb_wrapper\">\n\t\t\t<p style=\"text-align: center;\">Equipo dedicado durante todo el a\u00f1o al desarrollo del festival.<\/p>\n\n\t\t<\/div>\n\t<\/div>\n<\/div><\/div><\/div><\/div><div class=\"vc_row wpb_row vc_row-fluid\"><div class=\"texto_t2 wpb_column vc_column_container vc_col-sm-12\"><div class=\"vc_column-inner\"><div class=\"wpb_wrapper\">\n\t<div class=\"wpb_text_column wpb_content_element\" >\n\t\t<div class=\"wpb_wrapper\">\n\t\t\t<p>EQUIPO<\/p>\n\n\t\t<\/div>\n\t<\/div>\n<\/div><\/div><\/div><div class=\"wpb_column vc_column_container vc_col-sm-3\"><div class=\"vc_column-inner\"><div class=\"wpb_wrapper\">\n\t<div class=\"wpb_text_column wpb_content_element\" >\n\t\t<div class=\"wpb_wrapper\">\n\t\t\t<p>DIRECTOR<\/p>\n<p>&nbsp;<\/p>\n<p>Aitor O\u00f1ederra<br \/>\nDirector<br \/>\naitor@animadeba.com<\/p>\n\n\t\t<\/div>\n\t<\/div>\n<\/div><\/div><\/div><div class=\"wpb_column vc_column_container vc_col-sm-3\"><div class=\"vc_column-inner\"><div class=\"wpb_wrapper\">\n\t<div class=\"wpb_text_column wpb_content_element\" >\n\t\t<div class=\"wpb_wrapper\">\n\t\t\t<p>PRODUCCI\u00d3N<\/p>\n<p>&nbsp;<\/p>\n<p>Maria Maialen Aizpurua<br \/>\nDirectora de Producci\u00f3n<br \/>\nmaria@animadeba.com<\/p>\n<p>&nbsp;<\/p>\n<p>Miren Izagirre<br \/>\nInvitados<br \/>\nmiren@animadeba.com<\/p>\n<p>&nbsp;<\/p>\n<p>Raimundo Amutxastegi<br \/>\nJefe de Producci\u00f3n<br \/>\nraimundo@animadeba.com<\/p>\n<p>&nbsp;<\/p>\n<p>Quibia Krima<br \/>\nAuxiliar de Producci\u00f3n<\/p>\n\n\t\t<\/div>\n\t<\/div>\n<\/div><\/div><\/div><div class=\"wpb_column vc_column_container vc_col-sm-3\"><div class=\"vc_column-inner\"><div class=\"wpb_wrapper\">\n\t<div class=\"wpb_text_column wpb_content_element\" >\n\t\t<div class=\"wpb_wrapper\">\n\t\t\t<p>COMUNICACI\u00d3N<\/p>\n<p>&nbsp;<\/p>\n<p>Jon Amutxastegi<br \/>\nDirector de Comunicaci\u00f3n<br \/>\njon@animadeba.com<\/p>\n<p>&nbsp;<\/p>\n<p>Nere Oria<br \/>\nDirectora de Arte<br \/>\nnere@animadeba.com<\/p>\n<p>&nbsp;<\/p>\n<p>Irati Albizu<br \/>\nRedes Sociales<br \/>\nirati@animadeba.com<\/p>\n<p>&nbsp;<\/p>\n<p>Linda Mikaela Moreira<br \/>\nAuxiliar de Dise\u00f1o Gr\u00e1fico<\/p>\n\n\t\t<\/div>\n\t<\/div>\n<\/div><\/div><\/div><div class=\"wpb_column vc_column_container vc_col-sm-3\"><div class=\"vc_column-inner\"><div class=\"wpb_wrapper\">\n\t<div class=\"wpb_text_column wpb_content_element\" >\n\t\t<div class=\"wpb_wrapper\">\n\t\t\t<p>PROGRAMAZIOA<\/p>\n<p>&nbsp;<\/p>\n<p>Izibene O\u00f1ederra<\/p>\n<p><span style=\"font-weight: 400;\">Wip Arduradura <\/span><\/p>\n<p><span style=\"font-weight: 400;\">eta Film Laburren programazioa<\/span><\/p>\n<p>&nbsp;<\/p>\n<p>Emilio de la Rosa<br \/>\nFilm Laburren programazioa<\/p>\n<p>&nbsp;<\/p>\n<p>Javier Ucar<br \/>\nAnimadeba Lab Arduraduna<\/p>\n\n\t\t<\/div>\n\t<\/div>\n<\/div><\/div><\/div><\/div>\n<\/div>","protected":false},"excerpt":{"rendered":"2023 2022 2021 2019 Programazioaren barruan, publiko guztiarentzako animaziozko filmak (film luzeak eta laburrak) nabarmentzen dira. Atal hauek osatzen dute: Animadeba LAB, Work in Progress, Case Study (kasu-azterketak), aurkezpenak, solasaldiak, tailerrak eta musika-emanaldiak. Gainera, aurten Animadeba OFF, pantaila irekia sortu dugu, Zinemaldiaren egun ofizialetatik kanpo Debatik kanpo egiten diren saio edo jardunaldiei izena emateko. Festibala aurrera eramateko urte osoan lanean burubelarri ibiltzen den lantaldea TALDEA ZUZENDARIA &nbsp; Aitor O\u00f1ederra Zuzendaria aitor@animadeba.com PRODUKZIOA &nbsp; Maria Maialen Aizpurua Produkzio Zuzendaria maria@animadeba.com &nbsp; Miren Izagirre Gonbidatuak miren@animadeba.com &nbsp; Raimundo Amutxastegi Produkzio Burua raimundo@animadeba.com &nbsp; Quibia Krima Produkzio Auxiliarra KOMUNIKAZIOA &nbsp; Jon Amutxastegi Komunikazio Zuzendaria jon@animadeba.com &nbsp; Nere Oria Arte Zuzendaria nere@animadeba.com &nbsp; Irati Albizu Sare Sozialak irati@animadeba.com &nbsp; Linda Mikaela Moreira Diseinu Grafiko Auxiliarra PROGRAMAZIOA &nbsp; Izibene O\u00f1ederra Wip Arduradura eta Film Laburren programazioa &nbsp; Emilio de la Rosa Film Laburren programazioa &nbsp; Javier Ucar Animadeba Lab Arduraduna","protected":false},"author":1,"featured_media":0,"parent":0,"menu_order":0,"comment_status":"closed","ping_status":"closed","template":"page-besteedizioak.php","meta":{"_acf_changed":false,"inline_featured_image":false,"footnotes":""},"class_list":["post-2040","page","type-page","status-publish","hentry"],"acf":[],"_links":{"self":[{"href":"https:\/\/animadeba.com\/es\/wp-json\/wp\/v2\/pages\/2040","targetHints":{"allow":["GET"]}}],"collection":[{"href":"https:\/\/animadeba.com\/es\/wp-json\/wp\/v2\/pages"}],"about":[{"href":"https:\/\/animadeba.com\/es\/wp-json\/wp\/v2\/types\/page"}],"author":[{"embeddable":true,"href":"https:\/\/animadeba.com\/es\/wp-json\/wp\/v2\/users\/1"}],"replies":[{"embeddable":true,"href":"https:\/\/animadeba.com\/es\/wp-json\/wp\/v2\/comments?post=2040"}],"version-history":[{"count":6,"href":"https:\/\/animadeba.com\/es\/wp-json\/wp\/v2\/pages\/2040\/revisions"}],"predecessor-version":[{"id":2047,"href":"https:\/\/animadeba.com\/es\/wp-json\/wp\/v2\/pages\/2040\/revisions\/2047"}],"wp:attachment":[{"href":"https:\/\/animadeba.com\/es\/wp-json\/wp\/v2\/media?parent=2040"}],"curies":[{"name":"wp","href":"https:\/\/api.w.org\/{rel}","templated":true}]}}